{"id":85,"date":"2009-12-02T16:17:21","date_gmt":"2009-12-02T22:17:21","guid":{"rendered":"http:\/\/02EE0D9.NETSOLHOST.COM\/elmago\/?page_id=85"},"modified":"2024-11-09T09:37:24","modified_gmt":"2024-11-09T15:37:24","slug":"wichobio2009","status":"publish","type":"page","link":"http:\/\/www.elmagodelapublicidad.com\/?page_id=85","title":{"rendered":"el Wicho"},"content":{"rendered":"<p><img loading=\"lazy\" decoding=\"async\" class=\"aligncenter  wp-image-3720\" src=\"http:\/\/www.elmagodelapublicidad.com\/wp-content\/uploads\/2024\/11\/Screenshot-2024-11-08-at-21.49.02-954x1024.png\" alt=\"\" width=\"437\" height=\"469\" srcset=\"http:\/\/www.elmagodelapublicidad.com\/wp-content\/uploads\/2024\/11\/Screenshot-2024-11-08-at-21.49.02-954x1024.png 954w, http:\/\/www.elmagodelapublicidad.com\/wp-content\/uploads\/2024\/11\/Screenshot-2024-11-08-at-21.49.02-279x300.png 279w, http:\/\/www.elmagodelapublicidad.com\/wp-content\/uploads\/2024\/11\/Screenshot-2024-11-08-at-21.49.02-768x825.png 768w, http:\/\/www.elmagodelapublicidad.com\/wp-content\/uploads\/2024\/11\/Screenshot-2024-11-08-at-21.49.02.png 1114w\" sizes=\"(max-width: 437px) 100vw, 437px\" \/><\/p>\n<p><span style=\"color: #000000;\">Es un publicista. <\/span><\/p>\n<p><span style=\"color: #000000;\">Experto en hacer que la gente se mueva, ya sea con su m\u00fasica o mediante sus hipnotizantes anuncios.<\/span><\/p>\n<p>Wicho ha \u00a0sido parte de la fuerza invisible detr\u00e1s de campa\u00f1as publicitarias de largo plazo para organizaciones como Intelaf, Cervecer\u00eda centroamericana (Gallo, Dorada Ice, Super Lime Lemon, Super 24) Ambev, Bofasa (Cruz Verde, Meykos, Del Ahorro) Burger King, Hyundai, Honda, Caf\u00e9 Isabel, Olmeca, Embutidos Bremen, El mismo precio, EPA, TIGO, Casa Blanca y Pegaso.<\/p>\n<p><span style=\"color: #000000;\">Empresas de todos los tama\u00f1os han recibido la magia de uno de los socios que fue entrenado desde joven por el prestigioso <a href=\"http:\/\/www.ElMagoDeLaPublicidad.com\" target=\"_blank\" rel=\"noopener noreferrer\"><em>Mago de la Publicidad<\/em><\/a>, Roy H. Williams, para ser parte de su firma de mercadeo mundial enfocada en investigaci\u00f3n, desarrollo de mensaje y arquitectura de la persuasi\u00f3n humana.<\/span><\/p>\n<p><span style=\"color: #000000;\">Precursor del <em>audiomarketing<\/em>, ya que lo utiliza como herramienta principal en campa\u00f1as publicitarias y como rama de la mercadotecnia que trata de producir material publicitario m\u00e1s efectivo a trav\u00e9s del sonido.\u00a0<\/span><\/p>\n<p>Conoces a Wicho tambi\u00e9n por los proyectos que ha sido parte. Parous\u00eda, Malacates Tr\u00e9bol Shop y Master Fad3r.<\/p>\n<p><span style=\"color: #000000;\">Licenciado en Mercadotecnia con \u00e9nfasis en Publicidad de la <em>Universidad Rafael Landivar<\/em> y Mag\u00edster Artium en Liderazgo Organizacional de la <em>Universidad San Pablo de Guatemala<\/em>. Tambi\u00e9n es graduado con honores de la <a href=\"http:\/\/www.WizardAcademy.org\" target=\"_blank\" rel=\"noopener noreferrer\"><em>Wizard Academy<\/em><\/a> en Austin, TX, EUA y en Point Blank.\u00a0<\/span><\/p>\n<p><span style=\"color: #000000;\">Ha impartido seminarios en Centroam\u00e9rica, Estados Unidos, Mexico y en Argentina, ayudando a empresarios y so\u00f1adores a que sus clientes se muevan en hordas hasta sus puertas.<\/span><\/p>\n<h6>-Texto por Luisa Fernanda Toledo<\/h6>\n<p><a href=\"\/wp-content\/uploads\/2009\/12\/grapes.png\"><img loading=\"lazy\" decoding=\"async\" title=\"grapes\" src=\"\/wp-content\/uploads\/2009\/12\/grapes.png\" alt=\"grapes\" width=\"28\" height=\"33\" \/><\/a><\/p>\n<p>&#8220;Ando en bici cuando puedo, dicen que soy vegetariano en negaci\u00f3n, primera base de Los Bros. y seguidor imperfecto de Jes\u00fas.<\/p>\n<p>Yankee, Cul\u00e9 y Rojazo.<\/p>\n<p>Dinguti Barana&#8221;<\/p>\n<p>W.<\/p>\n","protected":false},"excerpt":{"rendered":"<p>Es un publicista. Experto en hacer que la gente se mueva, ya sea con su m\u00fasica o mediante sus hipnotizantes anuncios. Wicho ha \u00a0sido parte de la fuerza invisible detr\u00e1s de campa\u00f1as publicitarias de largo plazo para organizaciones como Intelaf, Cervecer\u00eda centroamericana (Gallo, Dorada Ice, Super Lime Lemon, Super 24) Ambev, Bofasa (Cruz Verde, Meykos,<\/p><\/div>\n<div class=\"blog-btn\"><a href=\"http:\/\/www.elmagodelapublicidad.com\/?page_id=85\" class=\"home-blog-btn\">Read More<\/a><\/p>\n","protected":false},"author":2,"featured_media":0,"parent":0,"menu_order":0,"comment_status":"closed","ping_status":"open","template":"","meta":{"jetpack_post_was_ever_published":false,"footnotes":""},"class_list":["post-85","page","type-page","status-publish","hentry"],"aioseo_notices":[],"jetpack_sharing_enabled":true,"jetpack_shortlink":"https:\/\/wp.me\/PM6iS-1n","_links":{"self":[{"href":"http:\/\/www.elmagodelapublicidad.com\/index.php?rest_route=\/wp\/v2\/pages\/85"}],"collection":[{"href":"http:\/\/www.elmagodelapublicidad.com\/index.php?rest_route=\/wp\/v2\/pages"}],"about":[{"href":"http:\/\/www.elmagodelapublicidad.com\/index.php?rest_route=\/wp\/v2\/types\/page"}],"author":[{"embeddable":true,"href":"http:\/\/www.elmagodelapublicidad.com\/index.php?rest_route=\/wp\/v2\/users\/2"}],"replies":[{"embeddable":true,"href":"http:\/\/www.elmagodelapublicidad.com\/index.php?rest_route=%2Fwp%2Fv2%2Fcomments&post=85"}],"version-history":[{"count":14,"href":"http:\/\/www.elmagodelapublicidad.com\/index.php?rest_route=\/wp\/v2\/pages\/85\/revisions"}],"predecessor-version":[{"id":3728,"href":"http:\/\/www.elmagodelapublicidad.com\/index.php?rest_route=\/wp\/v2\/pages\/85\/revisions\/3728"}],"wp:attachment":[{"href":"http:\/\/www.elmagodelapublicidad.com\/index.php?rest_route=%2Fwp%2Fv2%2Fmedia&parent=85"}],"curies":[{"name":"wp","href":"https:\/\/api.w.org\/{rel}","templated":true}]}}