{"id":66,"date":"2009-12-02T16:07:47","date_gmt":"2009-12-02T22:07:47","guid":{"rendered":"http:\/\/02EE0D9.NETSOLHOST.COM\/elmago\/?page_id=66"},"modified":"2024-11-08T08:03:25","modified_gmt":"2024-11-08T14:03:25","slug":"consultora","status":"publish","type":"page","link":"http:\/\/www.elmagodelapublicidad.com\/?page_id=66","title":{"rendered":"La consultor\u00eda"},"content":{"rendered":"<h1>Si usted es bueno en su negocio, yo le puedo ayudar a hacerlo crecer con publicidad<\/h1>\n<p><strong>Opci\u00f3n 1.<\/strong><\/p>\n<p>Por US$ 2, 500 \u00a0usted podr\u00e1 pasar dos dias conmigo para platicar sobre su negocio y ayudarlo a encontrar claridad.<\/p>\n<p>\u00bfQue es lo quiere ver realizado? \u00bfQue lo est\u00e1 limitando?<\/p>\n<p>Muchas veces usted vendr\u00e1 con un problema de comunicaci\u00f3n publicitaria, o de creatividad. Pero usted saldr\u00e1 con un enfoque estrat\u00e9gico de mercadotecnia ajustado a la esencia de su negocio que a veces ha quedado enterrada en su proceso de crecimiento.<\/p>\n<p>Toda idea, se debe de poder medir.<\/p>\n<p>He ayudado a empresas de todos los tama\u00f1os a enfocarse en <strong>Estrategia y Mensaje<\/strong>. Desde negocios con 1 lugar de operaciones y con un presupuesto reducido, hasta negocios con 323 puntos de ventas y much\u00edsimos tama\u00f1os de presupuestos.<\/p>\n<p>Yo lo ayudo a comunicarse mejor con sus\u00a0clientes, y que lleguen a su negocio, en hordas.<\/p>\n<p><strong>Opci\u00f3n 2.<\/strong><\/p>\n<p>Por US$10,000 puedo trabajar un poco m\u00e1s adentro dentro de su organizaci\u00f3n.<\/p>\n<p>Yo lo ayudo a usted a dise\u00f1ar un <strong>Plan Maestro de mercadeo y publicidad<\/strong>, que podr\u00e1 medirlo cuando usted diga, y como usted decida que va a medir el progreso por medio de la metodolog\u00eda de Design Thinking prototipando una campa\u00f1a publicitaria antes de lanzarla.<\/p>\n<p>&#8220;Si no sabes a donde vas, cualquier lugar te lleva all\u00ed&#8221; &#8211; El Gato de Cheshire<\/p>\n<p>Este proceso dura de 30 a 45 d\u00edas y lo ayudar\u00e1 a usted a tomar decisiones m\u00e1s concisas y lanzar su publicidad con mayor certeza.<\/p>\n<p><strong>Una tercera opci\u00f3n<\/strong>, incluye que trabajemos juntos la ejecuci\u00f3n de su<strong> Plan Maestro<\/strong> durante 12 meses, por un salario mensual de US$500.00, y al final, un ajuste ligado a su crecimiento, para seguir trabajando juntos a partir del segundo a\u00f1o.<\/p>\n<p>Yo no ejecuto por usted, sino que juntos trabajamos y velamos por el progreso.<\/p>\n<p>Si usted no hace m\u00e1s dinero al final del primer a\u00f1o, yo no hago m\u00e1s dinero al empezar el segundo a\u00f1o.<\/p>\n<p>Si gana usted, gano yo.<\/p>\n<p>Puede sonar caro contratarme, pero pudiera ser m\u00e1s caro, no hacerlo.<\/p>\n<p>\u00bfSolo un hombre para esta tarea?<\/p>\n<p>Lo que hemos aprendido como organizaci\u00f3n en m\u00e1s de 30 a\u00f1os, lo hemos usado para hacer crecer a negocios peque\u00f1os que son operados por sus due\u00f1os y hasta ayudar hacer crecer a empresas multinacionales.<\/p>\n<p>Existen m\u00e1s de 45 socios que operan en Estados Unidos, Canada, Inglaterra, Australia y en Centroam\u00e9rica, Conoza a los partners del Mago de la Publicidad.<\/p>\n<p>Si usted quiere considerar agregarse a usted y a su compa\u00f1\u00eda a la lista de negocios crecientes que est\u00e1n siendo guiados por los Magos de la Publicidad, escr\u00edbame a <a href=\"mailto:LuisLopez@WizardOfAds.com\">LuisLopez@WizardOfAds.com<\/a>, es la forma m\u00e1s f\u00e1cil.<\/p>\n<p>Estar\u00e9 pendiente de su contacto.<\/p>\n<p>W.<\/p>\n<p><a href=\"\/wp-content\/uploads\/2009\/12\/grapes.png\"><img loading=\"lazy\" decoding=\"async\" title=\"grapes\" src=\"\/wp-content\/uploads\/2009\/12\/grapes.png\" alt=\"grapes\" width=\"28\" height=\"33\" \/><\/a><\/p>\n","protected":false},"excerpt":{"rendered":"<p>Si usted es bueno en su negocio, yo le puedo ayudar a hacerlo crecer con publicidad Opci\u00f3n 1. Por US$ 2, 500 \u00a0usted podr\u00e1 pasar dos dias conmigo para platicar sobre su negocio y ayudarlo a encontrar claridad. \u00bfQue es lo quiere ver realizado? \u00bfQue lo est\u00e1 limitando? Muchas veces usted vendr\u00e1 con un problema<\/p><\/div>\n<div class=\"blog-btn\"><a href=\"http:\/\/www.elmagodelapublicidad.com\/?page_id=66\" class=\"home-blog-btn\">Read More<\/a><\/p>\n","protected":false},"author":2,"featured_media":0,"parent":0,"menu_order":4,"comment_status":"closed","ping_status":"open","template":"","meta":{"jetpack_post_was_ever_published":false,"footnotes":""},"class_list":["post-66","page","type-page","status-publish","hentry"],"aioseo_notices":[],"jetpack_sharing_enabled":true,"jetpack_shortlink":"https:\/\/wp.me\/PM6iS-14","_links":{"self":[{"href":"http:\/\/www.elmagodelapublicidad.com\/index.php?rest_route=\/wp\/v2\/pages\/66"}],"collection":[{"href":"http:\/\/www.elmagodelapublicidad.com\/index.php?rest_route=\/wp\/v2\/pages"}],"about":[{"href":"http:\/\/www.elmagodelapublicidad.com\/index.php?rest_route=\/wp\/v2\/types\/page"}],"author":[{"embeddable":true,"href":"http:\/\/www.elmagodelapublicidad.com\/index.php?rest_route=\/wp\/v2\/users\/2"}],"replies":[{"embeddable":true,"href":"http:\/\/www.elmagodelapublicidad.com\/index.php?rest_route=%2Fwp%2Fv2%2Fcomments&post=66"}],"version-history":[{"count":29,"href":"http:\/\/www.elmagodelapublicidad.com\/index.php?rest_route=\/wp\/v2\/pages\/66\/revisions"}],"predecessor-version":[{"id":3710,"href":"http:\/\/www.elmagodelapublicidad.com\/index.php?rest_route=\/wp\/v2\/pages\/66\/revisions\/3710"}],"wp:attachment":[{"href":"http:\/\/www.elmagodelapublicidad.com\/index.php?rest_route=%2Fwp%2Fv2%2Fmedia&parent=66"}],"curies":[{"name":"wp","href":"https:\/\/api.w.org\/{rel}","templated":true}]}}