{"id":5,"date":"2009-12-01T16:56:42","date_gmt":"2009-12-01T22:56:42","guid":{"rendered":"http:\/\/02ee0d9.netsolhost.com\/elmago\/?page_id=5"},"modified":"2024-11-08T07:47:56","modified_gmt":"2024-11-08T13:47:56","slug":"seminarios","status":"publish","type":"page","link":"http:\/\/www.elmagodelapublicidad.com\/?page_id=5","title":{"rendered":"El seminario"},"content":{"rendered":"<div id=\"attachment_11\" style=\"width: 410px\" class=\"wp-caption alignright\"><a href=\"http:\/\/www.wizardacademy.org\"><img loading=\"lazy\" decoding=\"async\" aria-describedby=\"caption-attachment-11\" class=\"wp-image-11 size-full\" title=\"RoyWicho07sm\" src=\"http:\/\/www.elmagodelapublicidad.com\/wp-content\/uploads\/2009\/12\/RoyWicho07sm.jpg\" alt=\"Roy y Luis en el Sal\u00f3n Tuscan del Wizard Academy en Austin, Texas el 14 de diciembre de 2007.\" width=\"400\" height=\"300\" srcset=\"http:\/\/www.elmagodelapublicidad.com\/wp-content\/uploads\/2009\/12\/RoyWicho07sm.jpg 400w, http:\/\/www.elmagodelapublicidad.com\/wp-content\/uploads\/2009\/12\/RoyWicho07sm-300x225.jpg 300w\" sizes=\"(max-width: 400px) 100vw, 400px\" \/><\/a><p id=\"caption-attachment-11\" class=\"wp-caption-text\">Roy y Wicho en el Tuscan Hall de Wizard Academy. Austin, TX. Julio de 2005<\/p><\/div>\n<p><span style=\"color: #000000;\"><strong>El Seminario:<\/strong> <\/span><strong><span style=\"color: #000000;\">&#8220;Publicidad en Latinoam\u00e9rica: <\/span>\u00bfQu\u00e9 funciona?, \u00bfQu\u00e9 no? y \u00bfPorqu\u00e9?&#8221;<\/strong>\u00a0<span style=\"font-style: italic;\">cambiar\u00e1 su manera de pensar acerca de c\u00f3mo hacer su publicidad.<\/span><\/p>\n<p><span style=\"color: #000000;\">Dise\u00f1ado por <a href=\"http:\/\/www.elmagodelapublicidad.com\/?page_id=76\" target=\"_blank\" rel=\"noopener noreferrer\">Roy H. Williams<\/a>, este seminario es impartido en espa\u00f1ol, con contenidos adaptados a la regi\u00f3n Latinoamericana por <a href=\"http:\/\/www.elmagodelapublicidad.com\/?page_id=85\" target=\"_blank\" rel=\"noopener noreferrer\">Wicho L\u00f3pez<\/a>.<\/span><\/p>\n<p>Vea el\u00a0<a href=\"http:\/\/www.elmagodelapublicidad.com\/?page_id=68\" target=\"_blank\" rel=\"noopener noreferrer\">contenido<\/a><\/p>\n<p>Este seminario de aproximadamente 4 horas de duraci\u00f3n empieza por explicar la arquitectura del cerebro, el posicionamiento de marca (Branding) y &#8220;<strong>Los 12 errores m\u00e1s comunes de la Publicidad&#8221;<\/strong> y ha sido presentado por Wicho en Estados Unidos, M\u00e9xico, Guatemala, El Salvador, Honduras, Costa Rica, Colombia y Argentina, ante grupos de empresarios, universidades, eventos de publicidad y grupos privados.<\/p>\n<p>Adem\u00e1s, otros contenidos como producci\u00f3n de radio, copywriting avanzado para publicidad, tipos de temperamento para la comunicaci\u00f3n, pensamiento creativo y otros son impartidos en espa\u00f1ol o en ingl\u00e9s por Wicho o algunos de <a href=\"https:\/\/wizardofads.org\/partners\/\">los socios de Wizard of Ads<\/a><\/p>\n<p><span style=\"color: #000000;\">Escriba a :\u00a0<a href=\"mailto:LuisLopez@WizardofAds.com\">LuisLopez@WizardOfAds.com<\/a> para contratar su seminario.<\/span><\/p>\n<p><a href=\"\/wp-content\/uploads\/2009\/12\/grapes.png\"><img loading=\"lazy\" decoding=\"async\" title=\"grapes\" src=\"\/wp-content\/uploads\/2009\/12\/grapes.png\" alt=\"grapes\" width=\"28\" height=\"33\" \/><\/a><\/p>\n<p>\u00a0<\/p>\n<div id=\"attachment_3696\" style=\"width: 706px\" class=\"wp-caption aligncenter\"><img loading=\"lazy\" decoding=\"async\" aria-describedby=\"caption-attachment-3696\" class=\"wp-image-3696 size-large\" src=\"http:\/\/www.elmagodelapublicidad.com\/wp-content\/uploads\/2024\/11\/332433312_2139583842902924_4847096022289905659_n-1024x768.jpg\" alt=\"\" width=\"696\" height=\"522\" srcset=\"http:\/\/www.elmagodelapublicidad.com\/wp-content\/uploads\/2024\/11\/332433312_2139583842902924_4847096022289905659_n-1024x768.jpg 1024w, http:\/\/www.elmagodelapublicidad.com\/wp-content\/uploads\/2024\/11\/332433312_2139583842902924_4847096022289905659_n-300x225.jpg 300w, http:\/\/www.elmagodelapublicidad.com\/wp-content\/uploads\/2024\/11\/332433312_2139583842902924_4847096022289905659_n-768x576.jpg 768w, http:\/\/www.elmagodelapublicidad.com\/wp-content\/uploads\/2024\/11\/332433312_2139583842902924_4847096022289905659_n-1536x1152.jpg 1536w, http:\/\/www.elmagodelapublicidad.com\/wp-content\/uploads\/2024\/11\/332433312_2139583842902924_4847096022289905659_n.jpg 2048w\" sizes=\"(max-width: 696px) 100vw, 696px\" \/><p id=\"caption-attachment-3696\" class=\"wp-caption-text\">Roy con la misma gorra y Wicho con la misma bufanda de la foto anterior, 18 a\u00f1os despu\u00e9s (2023), acompa\u00f1ados de Luis Casta\u00f1eda en la reuni\u00f3n de bianual de partners.\u00a0<\/p><\/div>\n<p>\u00a0<\/p>\n<p>\u00a0<\/p>\n\n\n<p><\/p>\n","protected":false},"excerpt":{"rendered":"<p>El Seminario: &#8220;Publicidad en Latinoam\u00e9rica: \u00bfQu\u00e9 funciona?, \u00bfQu\u00e9 no? y \u00bfPorqu\u00e9?&#8221;\u00a0cambiar\u00e1 su manera de pensar acerca de c\u00f3mo hacer su publicidad. Dise\u00f1ado por Roy H. Williams, este seminario es impartido en espa\u00f1ol, con contenidos adaptados a la regi\u00f3n Latinoamericana por Wicho L\u00f3pez. Vea el\u00a0contenido Este seminario de aproximadamente 4 horas de duraci\u00f3n empieza por explicar<\/p><\/div>\n<div class=\"blog-btn\"><a href=\"http:\/\/www.elmagodelapublicidad.com\/?page_id=5\" class=\"home-blog-btn\">Read More<\/a><\/p>\n","protected":false},"author":2,"featured_media":0,"parent":0,"menu_order":3,"comment_status":"closed","ping_status":"open","template":"","meta":{"jetpack_post_was_ever_published":false,"footnotes":""},"class_list":["post-5","page","type-page","status-publish","hentry"],"aioseo_notices":[],"jetpack_sharing_enabled":true,"jetpack_shortlink":"https:\/\/wp.me\/PM6iS-5","_links":{"self":[{"href":"http:\/\/www.elmagodelapublicidad.com\/index.php?rest_route=\/wp\/v2\/pages\/5"}],"collection":[{"href":"http:\/\/www.elmagodelapublicidad.com\/index.php?rest_route=\/wp\/v2\/pages"}],"about":[{"href":"http:\/\/www.elmagodelapublicidad.com\/index.php?rest_route=\/wp\/v2\/types\/page"}],"author":[{"embeddable":true,"href":"http:\/\/www.elmagodelapublicidad.com\/index.php?rest_route=\/wp\/v2\/users\/2"}],"replies":[{"embeddable":true,"href":"http:\/\/www.elmagodelapublicidad.com\/index.php?rest_route=%2Fwp%2Fv2%2Fcomments&post=5"}],"version-history":[{"count":30,"href":"http:\/\/www.elmagodelapublicidad.com\/index.php?rest_route=\/wp\/v2\/pages\/5\/revisions"}],"predecessor-version":[{"id":3701,"href":"http:\/\/www.elmagodelapublicidad.com\/index.php?rest_route=\/wp\/v2\/pages\/5\/revisions\/3701"}],"wp:attachment":[{"href":"http:\/\/www.elmagodelapublicidad.com\/index.php?rest_route=%2Fwp%2Fv2%2Fmedia&parent=5"}],"curies":[{"name":"wp","href":"https:\/\/api.w.org\/{rel}","templated":true}]}}