{"id":2573,"date":"2020-03-09T14:49:39","date_gmt":"2020-03-09T20:49:39","guid":{"rendered":"http:\/\/www.elmagodelapublicidad.com\/?page_id=2573"},"modified":"2024-11-08T08:02:59","modified_gmt":"2024-11-08T14:02:59","slug":"el-memo","status":"publish","type":"page","link":"http:\/\/www.elmagodelapublicidad.com\/?page_id=2573","title":{"rendered":"El Memo en tu idioma"},"content":{"rendered":"\n<p>Desde hace muchas d\u00e9cadas Roy escribe El <strong><a href=\"https:\/\/www.mondaymorningmemo.com\" title=\"\">Monday Morning Memo<\/a> <\/strong>todos los lunes sin haber fallado de publicarlo una sola vez.<\/p>\n\n\n\n<p>En el men\u00fa de al lado, podr\u00e1s ver los archivos de la traducci\u00f3n al espa\u00f1ol de todos los <strong>memos<\/strong> <strong>en espa\u00f1o<\/strong>l desde 2008 o buscar palabras clave en la barra de b\u00fasqueda arriba de la lista.<\/p>\n\n\n\n<p>Alguna que otra vez, publico yo algunas ideas en el mismo blog, <a href=\"http:\/\/www.elmagodelapublicidad.com\/?p=3628\" title=\"\">como mi historia con Dave Grohl<\/a>, quien es el cantante de Foo Fighters y fue el baterista de Nirvana. En esta misma historia est\u00e1n Gustavo Santaolalla (Molotov, The Last of Us), Gaby Moreno y P\u00e1ez de Malacates. <\/p>\n\n\n\n<figure class=\"wp-block-image\"><a href=\"\/wp-content\/uploads\/2009\/12\/grapes.png\"><img decoding=\"async\" src=\"\/wp-content\/uploads\/2009\/12\/grapes.png\" alt=\"grapes\" title=\"grapes\"\/><\/a><\/figure>\n\n\n\n<p><\/p>\n\n\n\n<p><\/p>\n\n\n\n<p><\/p>\n\n\n\n<p><\/p>\n","protected":false},"excerpt":{"rendered":"<p>Desde hace muchas d\u00e9cadas Roy escribe El Monday Morning Memo todos los lunes sin haber fallado de publicarlo una sola vez. En el men\u00fa de al lado, podr\u00e1s ver los archivos de la traducci\u00f3n al espa\u00f1ol de todos los memos en espa\u00f1ol desde 2008 o buscar palabras clave en la barra de b\u00fasqueda arriba de<\/p><\/div>\n<div class=\"blog-btn\"><a href=\"http:\/\/www.elmagodelapublicidad.com\/?page_id=2573\" class=\"home-blog-btn\">Read More<\/a><\/p>\n","protected":false},"author":2,"featured_media":0,"parent":0,"menu_order":0,"comment_status":"closed","ping_status":"closed","template":"","meta":{"jetpack_post_was_ever_published":false,"footnotes":""},"class_list":["post-2573","page","type-page","status-publish","hentry"],"aioseo_notices":[],"jetpack_sharing_enabled":true,"jetpack_shortlink":"https:\/\/wp.me\/PM6iS-Fv","_links":{"self":[{"href":"http:\/\/www.elmagodelapublicidad.com\/index.php?rest_route=\/wp\/v2\/pages\/2573"}],"collection":[{"href":"http:\/\/www.elmagodelapublicidad.com\/index.php?rest_route=\/wp\/v2\/pages"}],"about":[{"href":"http:\/\/www.elmagodelapublicidad.com\/index.php?rest_route=\/wp\/v2\/types\/page"}],"author":[{"embeddable":true,"href":"http:\/\/www.elmagodelapublicidad.com\/index.php?rest_route=\/wp\/v2\/users\/2"}],"replies":[{"embeddable":true,"href":"http:\/\/www.elmagodelapublicidad.com\/index.php?rest_route=%2Fwp%2Fv2%2Fcomments&post=2573"}],"version-history":[{"count":10,"href":"http:\/\/www.elmagodelapublicidad.com\/index.php?rest_route=\/wp\/v2\/pages\/2573\/revisions"}],"predecessor-version":[{"id":3711,"href":"http:\/\/www.elmagodelapublicidad.com\/index.php?rest_route=\/wp\/v2\/pages\/2573\/revisions\/3711"}],"wp:attachment":[{"href":"http:\/\/www.elmagodelapublicidad.com\/index.php?rest_route=%2Fwp%2Fv2%2Fmedia&parent=2573"}],"curies":[{"name":"wp","href":"https:\/\/api.w.org\/{rel}","templated":true}]}}